{"id":1767,"date":"2024-04-15T12:55:45","date_gmt":"2024-04-15T12:55:45","guid":{"rendered":"https:\/\/amonite.tur.ar\/?post_type=product&#038;p=1767"},"modified":"2024-11-25T21:42:40","modified_gmt":"2024-11-25T21:42:40","slug":"safari-por-la-patagonia","status":"publish","type":"product","link":"https:\/\/amonite.tur.ar\/en\/product\/safari-por-la-patagonia\/","title":{"rendered":"Peninsula Vald\u00e9s, a safari through Patagonia"},"content":{"rendered":"<div data-elementor-type=\"wp-post\" data-elementor-id=\"1767\" class=\"elementor elementor-1767\">\n\t\t\t\t\t\t<section class=\"elementor-section elementor-top-section elementor-element elementor-element-e31000e wdt-no-full-section elementor-section-boxed elementor-section-height-default elementor-section-height-default\" data-id=\"e31000e\" data-element_type=\"section\" data-e-type=\"section\">\n\t\t\t\t\t\t<div class=\"elementor-container elementor-column-gap-no\">\n\t\t\t\t\t<div class=\"elementor-column elementor-col-50 elementor-top-column elementor-element elementor-element-ed60d39\" data-id=\"ed60d39\" data-element_type=\"column\" data-e-type=\"column\">\n\t\t\t<div class=\"elementor-widget-wrap elementor-element-populated\">\n\t\t\t\t\t\t<div class=\"elementor-element elementor-element-067b5e1 elementor-widget elementor-widget-wdt-shop-product-single-images-carousel\" data-id=\"067b5e1\" data-element_type=\"widget\" data-e-type=\"widget\" data-widget_type=\"wdt-shop-product-single-images-carousel.default\">\n\t\t\t\t<div class=\"elementor-widget-container\">\n\t\t\t\t\tPlease provide product id to display corresponding data!\t\t\t\t<\/div>\n\t\t\t\t<\/div>\n\t\t\t\t\t<\/div>\n\t\t<\/div>\n\t\t\t\t<div class=\"elementor-column elementor-col-50 elementor-top-column elementor-element elementor-element-5340257\" data-id=\"5340257\" data-element_type=\"column\" data-e-type=\"column\">\n\t\t\t<div class=\"elementor-widget-wrap elementor-element-populated\">\n\t\t\t\t\t\t<div class=\"elementor-element elementor-element-45fc782 elementor-widget elementor-widget-wdt-shop-product-single-summary\" data-id=\"45fc782\" data-element_type=\"widget\" data-e-type=\"widget\" data-widget_type=\"wdt-shop-product-single-summary.default\">\n\t\t\t\t<div class=\"elementor-widget-container\">\n\t\t\t\t\tPlease provide product id to display corresponding data!\t\t\t\t<\/div>\n\t\t\t\t<\/div>\n\t\t\t\t\t<\/div>\n\t\t<\/div>\n\t\t\t\t\t<\/div>\n\t\t<\/section>\n\t\t\t\t<section class=\"elementor-section elementor-top-section elementor-element elementor-element-2faab6c wdt-no-full-section elementor-section-boxed elementor-section-height-default elementor-section-height-default\" data-id=\"2faab6c\" data-element_type=\"section\" data-e-type=\"section\">\n\t\t\t\t\t\t<div class=\"elementor-container elementor-column-gap-no\">\n\t\t\t\t\t<div class=\"elementor-column elementor-col-100 elementor-top-column elementor-element elementor-element-54d444e\" data-id=\"54d444e\" data-element_type=\"column\" data-e-type=\"column\">\n\t\t\t<div class=\"elementor-widget-wrap elementor-element-populated\">\n\t\t\t\t\t\t<div class=\"elementor-element elementor-element-04ececf elementor-widget elementor-widget-wdt-shop-product-single-tabs\" data-id=\"04ececf\" data-element_type=\"widget\" data-e-type=\"widget\" data-widget_type=\"wdt-shop-product-single-tabs.default\">\n\t\t\t\t<div class=\"elementor-widget-container\">\n\t\t\t\t\tPlease provide product id to display corresponding data!\t\t\t\t<\/div>\n\t\t\t\t<\/div>\n\t\t\t\t\t<\/div>\n\t\t<\/div>\n\t\t\t\t\t<\/div>\n\t\t<\/section>\n\t\t\t\t<section class=\"elementor-section elementor-top-section elementor-element elementor-element-2b61aef wdt-no-full-section elementor-section-boxed elementor-section-height-default elementor-section-height-default\" data-id=\"2b61aef\" data-element_type=\"section\" data-e-type=\"section\">\n\t\t\t\t\t\t<div class=\"elementor-container elementor-column-gap-no\">\n\t\t\t\t\t<div class=\"elementor-column elementor-col-100 elementor-top-column elementor-element elementor-element-d213795\" data-id=\"d213795\" data-element_type=\"column\" data-e-type=\"column\">\n\t\t\t<div class=\"elementor-widget-wrap elementor-element-populated\">\n\t\t\t\t\t\t<div class=\"elementor-element elementor-element-af1e637 wdt-custom-related-product elementor-widget elementor-widget-wdt-shop-related-products\" data-id=\"af1e637\" data-element_type=\"widget\" data-e-type=\"widget\" data-widget_type=\"wdt-shop-related-products.default\">\n\t\t\t\t<div class=\"elementor-widget-container\">\n\t\t\t\t\tPlease provide product id to display corresponding data!\t\t\t\t<\/div>\n\t\t\t\t<\/div>\n\t\t\t\t\t<\/div>\n\t\t<\/div>\n\t\t\t\t\t<\/div>\n\t\t<\/section>\n\t\t\t\t<\/div>","protected":false},"excerpt":{"rendered":"<p>Get ready to embark on an exciting Patagonian safari with our Safari Excursion to Valdez Peninsula! This adventure will take you to explore the impressive wildlife and unique geography of this natural paradise in Argentine Patagonia<\/p>","protected":false},"featured_media":2014,"comment_status":"closed","ping_status":"closed","template":"elementor_header_footer","meta":[],"product_brand":[],"product_cat":[115],"product_tag":[],"class_list":{"0":"post-1767","1":"product","2":"type-product","3":"status-publish","4":"has-post-thumbnail","6":"product_cat-ex-cur","9":"instock","10":"virtual","11":"taxable","12":"purchasable","13":"product-type-simple","14":"product-grid-view"},"yoast_head":"<!-- This site is optimized with the Yoast SEO plugin v27.4 - https:\/\/yoast.com\/product\/yoast-seo-wordpress\/ -->\n<title>Pen\u00ednsula Vald\u00e9s un safari por la Patagonia - Amonite Travel<\/title>\n<meta name=\"robots\" content=\"index, follow, max-snippet:-1, max-image-preview:large, max-video-preview:-1\" \/>\n<link rel=\"canonical\" href=\"https:\/\/amonite.tur.ar\/en\/product\/safari-por-la-patagonia\/\" \/>\n<meta property=\"og:locale\" content=\"en_US\" \/>\n<meta property=\"og:type\" content=\"article\" \/>\n<meta property=\"og:title\" content=\"Pen\u00ednsula Vald\u00e9s un safari por la Patagonia - Amonite Travel\" \/>\n<meta property=\"og:description\" content=\"\u00a1Prep\u00e1rate para embarcarte en un emocionante safari patag\u00f3nico con nuestra Excursi\u00f3n safari a Pen\u00ednsula Vald\u00e9s! Esta aventura te llevar\u00e1 a explorar la impresionante vida silvestre y la geograf\u00eda \u00fanica de este para\u00edso natural en la Patagonia argentina.\" \/>\n<meta property=\"og:url\" content=\"https:\/\/amonite.tur.ar\/en\/product\/safari-por-la-patagonia\/\" \/>\n<meta property=\"og:site_name\" content=\"Amonite Travel\" \/>\n<meta property=\"article:publisher\" content=\"https:\/\/www.facebook.com\/profile.php?id=61556354674979\" \/>\n<meta property=\"article:modified_time\" content=\"2024-11-25T21:42:40+00:00\" \/>\n<meta property=\"og:image\" content=\"https:\/\/amonite.tur.ar\/wp-content\/uploads\/2024\/04\/IMG-20240615-WA0057-e1732570945319.jpg\" \/>\n\t<meta property=\"og:image:width\" content=\"1113\" \/>\n\t<meta property=\"og:image:height\" content=\"855\" \/>\n\t<meta property=\"og:image:type\" content=\"image\/jpeg\" \/>\n<meta name=\"twitter:card\" content=\"summary_large_image\" \/>\n<meta name=\"twitter:label1\" content=\"Est. reading time\" \/>\n\t<meta name=\"twitter:data1\" content=\"1 minute\" \/>\n<script type=\"application\/ld+json\" class=\"yoast-schema-graph\">{\"@context\":\"https:\\\/\\\/schema.org\",\"@graph\":[{\"@type\":\"WebPage\",\"@id\":\"https:\\\/\\\/amonite.tur.ar\\\/product\\\/safari-por-la-patagonia\\\/\",\"url\":\"https:\\\/\\\/amonite.tur.ar\\\/product\\\/safari-por-la-patagonia\\\/\",\"name\":\"Pen\u00ednsula Vald\u00e9s un safari por la Patagonia - Amonite Travel\",\"isPartOf\":{\"@id\":\"https:\\\/\\\/amonite.tur.ar\\\/#website\"},\"primaryImageOfPage\":{\"@id\":\"https:\\\/\\\/amonite.tur.ar\\\/product\\\/safari-por-la-patagonia\\\/#primaryimage\"},\"image\":{\"@id\":\"https:\\\/\\\/amonite.tur.ar\\\/product\\\/safari-por-la-patagonia\\\/#primaryimage\"},\"thumbnailUrl\":\"https:\\\/\\\/amonite.tur.ar\\\/wp-content\\\/uploads\\\/2024\\\/04\\\/IMG-20240615-WA0057-e1732570945319.jpg\",\"datePublished\":\"2024-04-15T12:55:45+00:00\",\"dateModified\":\"2024-11-25T21:42:40+00:00\",\"breadcrumb\":{\"@id\":\"https:\\\/\\\/amonite.tur.ar\\\/product\\\/safari-por-la-patagonia\\\/#breadcrumb\"},\"inLanguage\":\"en-US\",\"potentialAction\":[{\"@type\":\"ReadAction\",\"target\":[\"https:\\\/\\\/amonite.tur.ar\\\/product\\\/safari-por-la-patagonia\\\/\"]}]},{\"@type\":\"ImageObject\",\"inLanguage\":\"en-US\",\"@id\":\"https:\\\/\\\/amonite.tur.ar\\\/product\\\/safari-por-la-patagonia\\\/#primaryimage\",\"url\":\"https:\\\/\\\/amonite.tur.ar\\\/wp-content\\\/uploads\\\/2024\\\/04\\\/IMG-20240615-WA0057-e1732570945319.jpg\",\"contentUrl\":\"https:\\\/\\\/amonite.tur.ar\\\/wp-content\\\/uploads\\\/2024\\\/04\\\/IMG-20240615-WA0057-e1732570945319.jpg\",\"width\":1113,\"height\":855},{\"@type\":\"BreadcrumbList\",\"@id\":\"https:\\\/\\\/amonite.tur.ar\\\/product\\\/safari-por-la-patagonia\\\/#breadcrumb\",\"itemListElement\":[{\"@type\":\"ListItem\",\"position\":1,\"name\":\"Portada\",\"item\":\"https:\\\/\\\/amonite.tur.ar\\\/\"},{\"@type\":\"ListItem\",\"position\":2,\"name\":\"Tienda\",\"item\":\"https:\\\/\\\/amonite.tur.ar\\\/tienda\\\/\"},{\"@type\":\"ListItem\",\"position\":3,\"name\":\"Pen\u00ednsula Vald\u00e9s un safari por la Patagonia\"}]},{\"@type\":\"WebSite\",\"@id\":\"https:\\\/\\\/amonite.tur.ar\\\/#website\",\"url\":\"https:\\\/\\\/amonite.tur.ar\\\/\",\"name\":\"Amonite Travel\",\"description\":\"Sumando kil\u00f3metros\",\"publisher\":{\"@id\":\"https:\\\/\\\/amonite.tur.ar\\\/#organization\"},\"potentialAction\":[{\"@type\":\"SearchAction\",\"target\":{\"@type\":\"EntryPoint\",\"urlTemplate\":\"https:\\\/\\\/amonite.tur.ar\\\/?s={search_term_string}\"},\"query-input\":{\"@type\":\"PropertyValueSpecification\",\"valueRequired\":true,\"valueName\":\"search_term_string\"}}],\"inLanguage\":\"en-US\"},{\"@type\":\"Organization\",\"@id\":\"https:\\\/\\\/amonite.tur.ar\\\/#organization\",\"name\":\"Amonite Travel\",\"url\":\"https:\\\/\\\/amonite.tur.ar\\\/\",\"logo\":{\"@type\":\"ImageObject\",\"inLanguage\":\"en-US\",\"@id\":\"https:\\\/\\\/amonite.tur.ar\\\/#\\\/schema\\\/logo\\\/image\\\/\",\"url\":\"https:\\\/\\\/amonite.tur.ar\\\/wp-content\\\/uploads\\\/2024\\\/04\\\/cropped-LogoAmonite.jpg\",\"contentUrl\":\"https:\\\/\\\/amonite.tur.ar\\\/wp-content\\\/uploads\\\/2024\\\/04\\\/cropped-LogoAmonite.jpg\",\"width\":485,\"height\":515,\"caption\":\"Amonite Travel\"},\"image\":{\"@id\":\"https:\\\/\\\/amonite.tur.ar\\\/#\\\/schema\\\/logo\\\/image\\\/\"},\"sameAs\":[\"https:\\\/\\\/www.facebook.com\\\/profile.php?id=61556354674979\",\"https:\\\/\\\/www.instagram.com\\\/?hl=es-es\"]}]}<\/script>\n<!-- \/ Yoast SEO plugin. -->","yoast_head_json":{"title":"Pen\u00ednsula Vald\u00e9s un safari por la Patagonia - Amonite Travel","robots":{"index":"index","follow":"follow","max-snippet":"max-snippet:-1","max-image-preview":"max-image-preview:large","max-video-preview":"max-video-preview:-1"},"canonical":"https:\/\/amonite.tur.ar\/en\/product\/safari-por-la-patagonia\/","og_locale":"en_US","og_type":"article","og_title":"Pen\u00ednsula Vald\u00e9s un safari por la Patagonia - Amonite Travel","og_description":"\u00a1Prep\u00e1rate para embarcarte en un emocionante safari patag\u00f3nico con nuestra Excursi\u00f3n safari a Pen\u00ednsula Vald\u00e9s! Esta aventura te llevar\u00e1 a explorar la impresionante vida silvestre y la geograf\u00eda \u00fanica de este para\u00edso natural en la Patagonia argentina.","og_url":"https:\/\/amonite.tur.ar\/en\/product\/safari-por-la-patagonia\/","og_site_name":"Amonite Travel","article_publisher":"https:\/\/www.facebook.com\/profile.php?id=61556354674979","article_modified_time":"2024-11-25T21:42:40+00:00","og_image":[{"width":1113,"height":855,"url":"https:\/\/amonite.tur.ar\/wp-content\/uploads\/2024\/04\/IMG-20240615-WA0057-e1732570945319.jpg","type":"image\/jpeg"}],"twitter_card":"summary_large_image","twitter_misc":{"Est. reading time":"1 minute"},"schema":{"@context":"https:\/\/schema.org","@graph":[{"@type":"WebPage","@id":"https:\/\/amonite.tur.ar\/product\/safari-por-la-patagonia\/","url":"https:\/\/amonite.tur.ar\/product\/safari-por-la-patagonia\/","name":"Pen\u00ednsula Vald\u00e9s un safari por la Patagonia - Amonite Travel","isPartOf":{"@id":"https:\/\/amonite.tur.ar\/#website"},"primaryImageOfPage":{"@id":"https:\/\/amonite.tur.ar\/product\/safari-por-la-patagonia\/#primaryimage"},"image":{"@id":"https:\/\/amonite.tur.ar\/product\/safari-por-la-patagonia\/#primaryimage"},"thumbnailUrl":"https:\/\/amonite.tur.ar\/wp-content\/uploads\/2024\/04\/IMG-20240615-WA0057-e1732570945319.jpg","datePublished":"2024-04-15T12:55:45+00:00","dateModified":"2024-11-25T21:42:40+00:00","breadcrumb":{"@id":"https:\/\/amonite.tur.ar\/product\/safari-por-la-patagonia\/#breadcrumb"},"inLanguage":"en-US","potentialAction":[{"@type":"ReadAction","target":["https:\/\/amonite.tur.ar\/product\/safari-por-la-patagonia\/"]}]},{"@type":"ImageObject","inLanguage":"en-US","@id":"https:\/\/amonite.tur.ar\/product\/safari-por-la-patagonia\/#primaryimage","url":"https:\/\/amonite.tur.ar\/wp-content\/uploads\/2024\/04\/IMG-20240615-WA0057-e1732570945319.jpg","contentUrl":"https:\/\/amonite.tur.ar\/wp-content\/uploads\/2024\/04\/IMG-20240615-WA0057-e1732570945319.jpg","width":1113,"height":855},{"@type":"BreadcrumbList","@id":"https:\/\/amonite.tur.ar\/product\/safari-por-la-patagonia\/#breadcrumb","itemListElement":[{"@type":"ListItem","position":1,"name":"Portada","item":"https:\/\/amonite.tur.ar\/"},{"@type":"ListItem","position":2,"name":"Tienda","item":"https:\/\/amonite.tur.ar\/tienda\/"},{"@type":"ListItem","position":3,"name":"Pen\u00ednsula Vald\u00e9s un safari por la Patagonia"}]},{"@type":"WebSite","@id":"https:\/\/amonite.tur.ar\/#website","url":"https:\/\/amonite.tur.ar\/","name":"Amonite Travel","description":"Sumando kil\u00f3metros","publisher":{"@id":"https:\/\/amonite.tur.ar\/#organization"},"potentialAction":[{"@type":"SearchAction","target":{"@type":"EntryPoint","urlTemplate":"https:\/\/amonite.tur.ar\/?s={search_term_string}"},"query-input":{"@type":"PropertyValueSpecification","valueRequired":true,"valueName":"search_term_string"}}],"inLanguage":"en-US"},{"@type":"Organization","@id":"https:\/\/amonite.tur.ar\/#organization","name":"Amonite Travel","url":"https:\/\/amonite.tur.ar\/","logo":{"@type":"ImageObject","inLanguage":"en-US","@id":"https:\/\/amonite.tur.ar\/#\/schema\/logo\/image\/","url":"https:\/\/amonite.tur.ar\/wp-content\/uploads\/2024\/04\/cropped-LogoAmonite.jpg","contentUrl":"https:\/\/amonite.tur.ar\/wp-content\/uploads\/2024\/04\/cropped-LogoAmonite.jpg","width":485,"height":515,"caption":"Amonite Travel"},"image":{"@id":"https:\/\/amonite.tur.ar\/#\/schema\/logo\/image\/"},"sameAs":["https:\/\/www.facebook.com\/profile.php?id=61556354674979","https:\/\/www.instagram.com\/?hl=es-es"]}]}},"_links":{"self":[{"href":"https:\/\/amonite.tur.ar\/en\/wp-json\/wp\/v2\/product\/1767","targetHints":{"allow":["GET"]}}],"collection":[{"href":"https:\/\/amonite.tur.ar\/en\/wp-json\/wp\/v2\/product"}],"about":[{"href":"https:\/\/amonite.tur.ar\/en\/wp-json\/wp\/v2\/types\/product"}],"replies":[{"embeddable":true,"href":"https:\/\/amonite.tur.ar\/en\/wp-json\/wp\/v2\/comments?post=1767"}],"version-history":[{"count":1,"href":"https:\/\/amonite.tur.ar\/en\/wp-json\/wp\/v2\/product\/1767\/revisions"}],"predecessor-version":[{"id":1770,"href":"https:\/\/amonite.tur.ar\/en\/wp-json\/wp\/v2\/product\/1767\/revisions\/1770"}],"wp:featuredmedia":[{"embeddable":true,"href":"https:\/\/amonite.tur.ar\/en\/wp-json\/wp\/v2\/media\/2014"}],"wp:attachment":[{"href":"https:\/\/amonite.tur.ar\/en\/wp-json\/wp\/v2\/media?parent=1767"}],"wp:term":[{"taxonomy":"product_brand","embeddable":true,"href":"https:\/\/amonite.tur.ar\/en\/wp-json\/wp\/v2\/product_brand?post=1767"},{"taxonomy":"product_cat","embeddable":true,"href":"https:\/\/amonite.tur.ar\/en\/wp-json\/wp\/v2\/product_cat?post=1767"},{"taxonomy":"product_tag","embeddable":true,"href":"https:\/\/amonite.tur.ar\/en\/wp-json\/wp\/v2\/product_tag?post=1767"}],"curies":[{"name":"wp","href":"https:\/\/api.w.org\/{rel}","templated":true}]}}