{"id":1763,"date":"2024-04-15T12:06:39","date_gmt":"2024-04-15T12:06:39","guid":{"rendered":"https:\/\/amonite.tur.ar\/?post_type=product&#038;p=1763"},"modified":"2024-11-25T21:46:46","modified_gmt":"2024-11-25T21:46:46","slug":"descubriendo-los-dos-golfos","status":"publish","type":"product","link":"https:\/\/amonite.tur.ar\/en\/product\/descubriendo-los-dos-golfos\/","title":{"rendered":"Peninsula Vald\u00e9s discovering the two gulfs"},"content":{"rendered":"<div data-elementor-type=\"wp-post\" data-elementor-id=\"1763\" class=\"elementor elementor-1763\">\n\t\t\t\t\t\t<section class=\"elementor-section elementor-top-section elementor-element elementor-element-e31000e wdt-no-full-section elementor-section-boxed elementor-section-height-default elementor-section-height-default\" data-id=\"e31000e\" data-element_type=\"section\" data-e-type=\"section\">\n\t\t\t\t\t\t<div class=\"elementor-container elementor-column-gap-no\">\n\t\t\t\t\t<div class=\"elementor-column elementor-col-50 elementor-top-column elementor-element elementor-element-ed60d39\" data-id=\"ed60d39\" data-element_type=\"column\" data-e-type=\"column\">\n\t\t\t<div class=\"elementor-widget-wrap elementor-element-populated\">\n\t\t\t\t\t\t<div class=\"elementor-element elementor-element-067b5e1 elementor-widget elementor-widget-wdt-shop-product-single-images-carousel\" data-id=\"067b5e1\" data-element_type=\"widget\" data-e-type=\"widget\" data-widget_type=\"wdt-shop-product-single-images-carousel.default\">\n\t\t\t\t<div class=\"elementor-widget-container\">\n\t\t\t\t\tPlease provide product id to display corresponding data!\t\t\t\t<\/div>\n\t\t\t\t<\/div>\n\t\t\t\t\t<\/div>\n\t\t<\/div>\n\t\t\t\t<div class=\"elementor-column elementor-col-50 elementor-top-column elementor-element elementor-element-5340257\" data-id=\"5340257\" data-element_type=\"column\" data-e-type=\"column\">\n\t\t\t<div class=\"elementor-widget-wrap elementor-element-populated\">\n\t\t\t\t\t\t<div class=\"elementor-element elementor-element-45fc782 elementor-widget elementor-widget-wdt-shop-product-single-summary\" data-id=\"45fc782\" data-element_type=\"widget\" data-e-type=\"widget\" data-widget_type=\"wdt-shop-product-single-summary.default\">\n\t\t\t\t<div class=\"elementor-widget-container\">\n\t\t\t\t\tPlease provide product id to display corresponding data!\t\t\t\t<\/div>\n\t\t\t\t<\/div>\n\t\t\t\t\t<\/div>\n\t\t<\/div>\n\t\t\t\t\t<\/div>\n\t\t<\/section>\n\t\t\t\t<section class=\"elementor-section elementor-top-section elementor-element elementor-element-2faab6c wdt-no-full-section elementor-section-boxed elementor-section-height-default elementor-section-height-default\" data-id=\"2faab6c\" data-element_type=\"section\" data-e-type=\"section\">\n\t\t\t\t\t\t<div class=\"elementor-container elementor-column-gap-no\">\n\t\t\t\t\t<div class=\"elementor-column elementor-col-100 elementor-top-column elementor-element elementor-element-54d444e\" data-id=\"54d444e\" data-element_type=\"column\" data-e-type=\"column\">\n\t\t\t<div class=\"elementor-widget-wrap elementor-element-populated\">\n\t\t\t\t\t\t<div class=\"elementor-element elementor-element-04ececf elementor-widget elementor-widget-wdt-shop-product-single-tabs\" data-id=\"04ececf\" data-element_type=\"widget\" data-e-type=\"widget\" data-widget_type=\"wdt-shop-product-single-tabs.default\">\n\t\t\t\t<div class=\"elementor-widget-container\">\n\t\t\t\t\tPlease provide product id to display corresponding data!\t\t\t\t<\/div>\n\t\t\t\t<\/div>\n\t\t\t\t\t<\/div>\n\t\t<\/div>\n\t\t\t\t\t<\/div>\n\t\t<\/section>\n\t\t\t\t<section class=\"elementor-section elementor-top-section elementor-element elementor-element-2b61aef wdt-no-full-section elementor-section-boxed elementor-section-height-default elementor-section-height-default\" data-id=\"2b61aef\" data-element_type=\"section\" data-e-type=\"section\">\n\t\t\t\t\t\t<div class=\"elementor-container elementor-column-gap-no\">\n\t\t\t\t\t<div class=\"elementor-column elementor-col-100 elementor-top-column elementor-element elementor-element-d213795\" data-id=\"d213795\" data-element_type=\"column\" data-e-type=\"column\">\n\t\t\t<div class=\"elementor-widget-wrap elementor-element-populated\">\n\t\t\t\t\t\t<div class=\"elementor-element elementor-element-af1e637 wdt-custom-related-product elementor-widget elementor-widget-wdt-shop-related-products\" data-id=\"af1e637\" data-element_type=\"widget\" data-e-type=\"widget\" data-widget_type=\"wdt-shop-related-products.default\">\n\t\t\t\t<div class=\"elementor-widget-container\">\n\t\t\t\t\tPlease provide product id to display corresponding data!\t\t\t\t<\/div>\n\t\t\t\t<\/div>\n\t\t\t\t\t<\/div>\n\t\t<\/div>\n\t\t\t\t\t<\/div>\n\t\t<\/section>\n\t\t\t\t<\/div>","protected":false},"excerpt":{"rendered":"<p>Welcome to the marvelous Peninsula Valdez, a destination that will leave you breathless with its unparalleled beauty and biodiversity. Are you ready for an unforgettable adventure in Argentine Patagonia? Then join our Short Excursion to Peninsula Valdez and get ready to explore some of the most emblematic treasures of this UNESCO-recognized biosphere reserve!<\/p>\n<p>Precio promocional del 30% de descuento solo por Junio, Julio y Agosto. Cons\u00faltanos!<\/p>","protected":false},"featured_media":2015,"comment_status":"closed","ping_status":"closed","template":"elementor_header_footer","meta":[],"product_brand":[],"product_cat":[115],"product_tag":[],"class_list":{"0":"post-1763","1":"product","2":"type-product","3":"status-publish","4":"has-post-thumbnail","6":"product_cat-ex-cur","9":"instock","10":"virtual","11":"taxable","12":"purchasable","13":"product-type-simple","14":"product-grid-view"},"yoast_head":"<!-- This site is optimized with the Yoast SEO plugin v27.4 - https:\/\/yoast.com\/product\/yoast-seo-wordpress\/ -->\n<title>Pen\u00ednsula Vald\u00e9s descubriendo los dos golfos - Amonite Travel<\/title>\n<meta name=\"robots\" content=\"index, follow, max-snippet:-1, max-image-preview:large, max-video-preview:-1\" \/>\n<link rel=\"canonical\" href=\"https:\/\/amonite.tur.ar\/en\/product\/descubriendo-los-dos-golfos\/\" \/>\n<meta property=\"og:locale\" content=\"en_US\" \/>\n<meta property=\"og:type\" content=\"article\" \/>\n<meta property=\"og:title\" content=\"Pen\u00ednsula Vald\u00e9s descubriendo los dos golfos - Amonite Travel\" \/>\n<meta property=\"og:description\" content=\"Bienvenido a la maravillosa Pen\u00ednsula Valdez, un destino que te dejar\u00e1 sin aliento con su belleza y biodiversidad incomparables. \u00bfEst\u00e1s listo para una aventura inolvidable en la Patagonia argentina? \u00a1Entonces \u00fanete a nuestra Excursi\u00f3n Corta a Pen\u00ednsula Valdez y prep\u00e1rate para explorar algunos de los tesoros m\u00e1s emblem\u00e1ticos de esta reserva de la biosfera reconocida por la UNESCO!  Precio promocional del 30% de descuento solo por Junio, Julio y Agosto. Cons\u00faltanos!\" \/>\n<meta property=\"og:url\" content=\"https:\/\/amonite.tur.ar\/en\/product\/descubriendo-los-dos-golfos\/\" \/>\n<meta property=\"og:site_name\" content=\"Amonite Travel\" \/>\n<meta property=\"article:publisher\" content=\"https:\/\/www.facebook.com\/profile.php?id=61556354674979\" \/>\n<meta property=\"article:modified_time\" content=\"2024-11-25T21:46:46+00:00\" \/>\n<meta property=\"og:image\" content=\"https:\/\/amonite.tur.ar\/wp-content\/uploads\/2024\/04\/11-1-scaled.jpg\" \/>\n\t<meta property=\"og:image:width\" content=\"2560\" \/>\n\t<meta property=\"og:image:height\" content=\"1708\" \/>\n\t<meta property=\"og:image:type\" content=\"image\/jpeg\" \/>\n<meta name=\"twitter:card\" content=\"summary_large_image\" \/>\n<meta name=\"twitter:label1\" content=\"Est. reading time\" \/>\n\t<meta name=\"twitter:data1\" content=\"1 minute\" \/>\n<script type=\"application\/ld+json\" class=\"yoast-schema-graph\">{\"@context\":\"https:\\\/\\\/schema.org\",\"@graph\":[{\"@type\":\"WebPage\",\"@id\":\"https:\\\/\\\/amonite.tur.ar\\\/product\\\/descubriendo-los-dos-golfos\\\/\",\"url\":\"https:\\\/\\\/amonite.tur.ar\\\/product\\\/descubriendo-los-dos-golfos\\\/\",\"name\":\"Pen\u00ednsula Vald\u00e9s descubriendo los dos golfos - Amonite Travel\",\"isPartOf\":{\"@id\":\"https:\\\/\\\/amonite.tur.ar\\\/#website\"},\"primaryImageOfPage\":{\"@id\":\"https:\\\/\\\/amonite.tur.ar\\\/product\\\/descubriendo-los-dos-golfos\\\/#primaryimage\"},\"image\":{\"@id\":\"https:\\\/\\\/amonite.tur.ar\\\/product\\\/descubriendo-los-dos-golfos\\\/#primaryimage\"},\"thumbnailUrl\":\"https:\\\/\\\/amonite.tur.ar\\\/wp-content\\\/uploads\\\/2024\\\/04\\\/11-1-scaled.jpg\",\"datePublished\":\"2024-04-15T12:06:39+00:00\",\"dateModified\":\"2024-11-25T21:46:46+00:00\",\"breadcrumb\":{\"@id\":\"https:\\\/\\\/amonite.tur.ar\\\/product\\\/descubriendo-los-dos-golfos\\\/#breadcrumb\"},\"inLanguage\":\"en-US\",\"potentialAction\":[{\"@type\":\"ReadAction\",\"target\":[\"https:\\\/\\\/amonite.tur.ar\\\/product\\\/descubriendo-los-dos-golfos\\\/\"]}]},{\"@type\":\"ImageObject\",\"inLanguage\":\"en-US\",\"@id\":\"https:\\\/\\\/amonite.tur.ar\\\/product\\\/descubriendo-los-dos-golfos\\\/#primaryimage\",\"url\":\"https:\\\/\\\/amonite.tur.ar\\\/wp-content\\\/uploads\\\/2024\\\/04\\\/11-1-scaled.jpg\",\"contentUrl\":\"https:\\\/\\\/amonite.tur.ar\\\/wp-content\\\/uploads\\\/2024\\\/04\\\/11-1-scaled.jpg\",\"width\":2560,\"height\":1708},{\"@type\":\"BreadcrumbList\",\"@id\":\"https:\\\/\\\/amonite.tur.ar\\\/product\\\/descubriendo-los-dos-golfos\\\/#breadcrumb\",\"itemListElement\":[{\"@type\":\"ListItem\",\"position\":1,\"name\":\"Portada\",\"item\":\"https:\\\/\\\/amonite.tur.ar\\\/\"},{\"@type\":\"ListItem\",\"position\":2,\"name\":\"Tienda\",\"item\":\"https:\\\/\\\/amonite.tur.ar\\\/tienda\\\/\"},{\"@type\":\"ListItem\",\"position\":3,\"name\":\"Pen\u00ednsula Vald\u00e9s descubriendo los dos golfos\"}]},{\"@type\":\"WebSite\",\"@id\":\"https:\\\/\\\/amonite.tur.ar\\\/#website\",\"url\":\"https:\\\/\\\/amonite.tur.ar\\\/\",\"name\":\"Amonite Travel\",\"description\":\"Sumando kil\u00f3metros\",\"publisher\":{\"@id\":\"https:\\\/\\\/amonite.tur.ar\\\/#organization\"},\"potentialAction\":[{\"@type\":\"SearchAction\",\"target\":{\"@type\":\"EntryPoint\",\"urlTemplate\":\"https:\\\/\\\/amonite.tur.ar\\\/?s={search_term_string}\"},\"query-input\":{\"@type\":\"PropertyValueSpecification\",\"valueRequired\":true,\"valueName\":\"search_term_string\"}}],\"inLanguage\":\"en-US\"},{\"@type\":\"Organization\",\"@id\":\"https:\\\/\\\/amonite.tur.ar\\\/#organization\",\"name\":\"Amonite Travel\",\"url\":\"https:\\\/\\\/amonite.tur.ar\\\/\",\"logo\":{\"@type\":\"ImageObject\",\"inLanguage\":\"en-US\",\"@id\":\"https:\\\/\\\/amonite.tur.ar\\\/#\\\/schema\\\/logo\\\/image\\\/\",\"url\":\"https:\\\/\\\/amonite.tur.ar\\\/wp-content\\\/uploads\\\/2024\\\/04\\\/cropped-LogoAmonite.jpg\",\"contentUrl\":\"https:\\\/\\\/amonite.tur.ar\\\/wp-content\\\/uploads\\\/2024\\\/04\\\/cropped-LogoAmonite.jpg\",\"width\":485,\"height\":515,\"caption\":\"Amonite Travel\"},\"image\":{\"@id\":\"https:\\\/\\\/amonite.tur.ar\\\/#\\\/schema\\\/logo\\\/image\\\/\"},\"sameAs\":[\"https:\\\/\\\/www.facebook.com\\\/profile.php?id=61556354674979\",\"https:\\\/\\\/www.instagram.com\\\/?hl=es-es\"]}]}<\/script>\n<!-- \/ Yoast SEO plugin. -->","yoast_head_json":{"title":"Pen\u00ednsula Vald\u00e9s descubriendo los dos golfos - Amonite Travel","robots":{"index":"index","follow":"follow","max-snippet":"max-snippet:-1","max-image-preview":"max-image-preview:large","max-video-preview":"max-video-preview:-1"},"canonical":"https:\/\/amonite.tur.ar\/en\/product\/descubriendo-los-dos-golfos\/","og_locale":"en_US","og_type":"article","og_title":"Pen\u00ednsula Vald\u00e9s descubriendo los dos golfos - Amonite Travel","og_description":"Bienvenido a la maravillosa Pen\u00ednsula Valdez, un destino que te dejar\u00e1 sin aliento con su belleza y biodiversidad incomparables. \u00bfEst\u00e1s listo para una aventura inolvidable en la Patagonia argentina? \u00a1Entonces \u00fanete a nuestra Excursi\u00f3n Corta a Pen\u00ednsula Valdez y prep\u00e1rate para explorar algunos de los tesoros m\u00e1s emblem\u00e1ticos de esta reserva de la biosfera reconocida por la UNESCO!  Precio promocional del 30% de descuento solo por Junio, Julio y Agosto. Cons\u00faltanos!","og_url":"https:\/\/amonite.tur.ar\/en\/product\/descubriendo-los-dos-golfos\/","og_site_name":"Amonite Travel","article_publisher":"https:\/\/www.facebook.com\/profile.php?id=61556354674979","article_modified_time":"2024-11-25T21:46:46+00:00","og_image":[{"width":2560,"height":1708,"url":"https:\/\/amonite.tur.ar\/wp-content\/uploads\/2024\/04\/11-1-scaled.jpg","type":"image\/jpeg"}],"twitter_card":"summary_large_image","twitter_misc":{"Est. reading time":"1 minute"},"schema":{"@context":"https:\/\/schema.org","@graph":[{"@type":"WebPage","@id":"https:\/\/amonite.tur.ar\/product\/descubriendo-los-dos-golfos\/","url":"https:\/\/amonite.tur.ar\/product\/descubriendo-los-dos-golfos\/","name":"Pen\u00ednsula Vald\u00e9s descubriendo los dos golfos - Amonite Travel","isPartOf":{"@id":"https:\/\/amonite.tur.ar\/#website"},"primaryImageOfPage":{"@id":"https:\/\/amonite.tur.ar\/product\/descubriendo-los-dos-golfos\/#primaryimage"},"image":{"@id":"https:\/\/amonite.tur.ar\/product\/descubriendo-los-dos-golfos\/#primaryimage"},"thumbnailUrl":"https:\/\/amonite.tur.ar\/wp-content\/uploads\/2024\/04\/11-1-scaled.jpg","datePublished":"2024-04-15T12:06:39+00:00","dateModified":"2024-11-25T21:46:46+00:00","breadcrumb":{"@id":"https:\/\/amonite.tur.ar\/product\/descubriendo-los-dos-golfos\/#breadcrumb"},"inLanguage":"en-US","potentialAction":[{"@type":"ReadAction","target":["https:\/\/amonite.tur.ar\/product\/descubriendo-los-dos-golfos\/"]}]},{"@type":"ImageObject","inLanguage":"en-US","@id":"https:\/\/amonite.tur.ar\/product\/descubriendo-los-dos-golfos\/#primaryimage","url":"https:\/\/amonite.tur.ar\/wp-content\/uploads\/2024\/04\/11-1-scaled.jpg","contentUrl":"https:\/\/amonite.tur.ar\/wp-content\/uploads\/2024\/04\/11-1-scaled.jpg","width":2560,"height":1708},{"@type":"BreadcrumbList","@id":"https:\/\/amonite.tur.ar\/product\/descubriendo-los-dos-golfos\/#breadcrumb","itemListElement":[{"@type":"ListItem","position":1,"name":"Portada","item":"https:\/\/amonite.tur.ar\/"},{"@type":"ListItem","position":2,"name":"Tienda","item":"https:\/\/amonite.tur.ar\/tienda\/"},{"@type":"ListItem","position":3,"name":"Pen\u00ednsula Vald\u00e9s descubriendo los dos golfos"}]},{"@type":"WebSite","@id":"https:\/\/amonite.tur.ar\/#website","url":"https:\/\/amonite.tur.ar\/","name":"Amonite Travel","description":"Sumando kil\u00f3metros","publisher":{"@id":"https:\/\/amonite.tur.ar\/#organization"},"potentialAction":[{"@type":"SearchAction","target":{"@type":"EntryPoint","urlTemplate":"https:\/\/amonite.tur.ar\/?s={search_term_string}"},"query-input":{"@type":"PropertyValueSpecification","valueRequired":true,"valueName":"search_term_string"}}],"inLanguage":"en-US"},{"@type":"Organization","@id":"https:\/\/amonite.tur.ar\/#organization","name":"Amonite Travel","url":"https:\/\/amonite.tur.ar\/","logo":{"@type":"ImageObject","inLanguage":"en-US","@id":"https:\/\/amonite.tur.ar\/#\/schema\/logo\/image\/","url":"https:\/\/amonite.tur.ar\/wp-content\/uploads\/2024\/04\/cropped-LogoAmonite.jpg","contentUrl":"https:\/\/amonite.tur.ar\/wp-content\/uploads\/2024\/04\/cropped-LogoAmonite.jpg","width":485,"height":515,"caption":"Amonite Travel"},"image":{"@id":"https:\/\/amonite.tur.ar\/#\/schema\/logo\/image\/"},"sameAs":["https:\/\/www.facebook.com\/profile.php?id=61556354674979","https:\/\/www.instagram.com\/?hl=es-es"]}]}},"_links":{"self":[{"href":"https:\/\/amonite.tur.ar\/en\/wp-json\/wp\/v2\/product\/1763","targetHints":{"allow":["GET"]}}],"collection":[{"href":"https:\/\/amonite.tur.ar\/en\/wp-json\/wp\/v2\/product"}],"about":[{"href":"https:\/\/amonite.tur.ar\/en\/wp-json\/wp\/v2\/types\/product"}],"replies":[{"embeddable":true,"href":"https:\/\/amonite.tur.ar\/en\/wp-json\/wp\/v2\/comments?post=1763"}],"version-history":[{"count":3,"href":"https:\/\/amonite.tur.ar\/en\/wp-json\/wp\/v2\/product\/1763\/revisions"}],"predecessor-version":[{"id":1969,"href":"https:\/\/amonite.tur.ar\/en\/wp-json\/wp\/v2\/product\/1763\/revisions\/1969"}],"wp:featuredmedia":[{"embeddable":true,"href":"https:\/\/amonite.tur.ar\/en\/wp-json\/wp\/v2\/media\/2015"}],"wp:attachment":[{"href":"https:\/\/amonite.tur.ar\/en\/wp-json\/wp\/v2\/media?parent=1763"}],"wp:term":[{"taxonomy":"product_brand","embeddable":true,"href":"https:\/\/amonite.tur.ar\/en\/wp-json\/wp\/v2\/product_brand?post=1763"},{"taxonomy":"product_cat","embeddable":true,"href":"https:\/\/amonite.tur.ar\/en\/wp-json\/wp\/v2\/product_cat?post=1763"},{"taxonomy":"product_tag","embeddable":true,"href":"https:\/\/amonite.tur.ar\/en\/wp-json\/wp\/v2\/product_tag?post=1763"}],"curies":[{"name":"wp","href":"https:\/\/api.w.org\/{rel}","templated":true}]}}