{"id":557,"date":"2023-03-14T11:43:57","date_gmt":"2023-03-14T11:43:57","guid":{"rendered":"https:\/\/amonite.tur.ar\/?page_id=557"},"modified":"2024-11-28T19:34:16","modified_gmt":"2024-11-28T19:34:16","slug":"about-us","status":"publish","type":"page","link":"https:\/\/amonite.tur.ar\/en\/about-us\/","title":{"rendered":"About us"},"content":{"rendered":"<div data-elementor-type=\"wp-page\" data-elementor-id=\"557\" class=\"elementor elementor-557\">\n\t\t\t\t\t\t<section class=\"elementor-section elementor-top-section elementor-element elementor-element-524f4a3 elementor-section-content-middle elementor-section-boxed elementor-section-height-default elementor-section-height-default\" data-id=\"524f4a3\" data-element_type=\"section\" data-e-type=\"section\">\n\t\t\t\t\t\t<div class=\"elementor-container elementor-column-gap-no\">\n\t\t\t\t\t<div class=\"elementor-column elementor-col-50 elementor-top-column elementor-element elementor-element-194621b2\" data-id=\"194621b2\" data-element_type=\"column\" data-e-type=\"column\">\n\t\t\t<div class=\"elementor-widget-wrap elementor-element-populated\">\n\t\t\t\t\t\t<div class=\"elementor-element elementor-element-48f83474 elementor-widget-divider--view-line elementor-widget elementor-widget-divider\" data-id=\"48f83474\" data-element_type=\"widget\" data-e-type=\"widget\" data-widget_type=\"divider.default\">\n\t\t\t\t<div class=\"elementor-widget-container\">\n\t\t\t\t\t\t\t<div class=\"elementor-divider\">\n\t\t\t<span class=\"elementor-divider-separator\">\n\t\t\t\t\t\t<\/span>\n\t\t<\/div>\n\t\t\t\t\t\t<\/div>\n\t\t\t\t<\/div>\n\t\t\t\t<div class=\"elementor-element elementor-element-12031fb9 elementor-widget elementor-widget-heading\" data-id=\"12031fb9\" data-element_type=\"widget\" data-e-type=\"widget\" data-widget_type=\"heading.default\">\n\t\t\t\t<div class=\"elementor-widget-container\">\n\t\t\t\t\t<h4 class=\"elementor-heading-title elementor-size-default\">About us<\/h4>\t\t\t\t<\/div>\n\t\t\t\t<\/div>\n\t\t\t\t\t<\/div>\n\t\t<\/div>\n\t\t\t\t<div class=\"elementor-column elementor-col-50 elementor-top-column elementor-element elementor-element-b2a7e2d\" data-id=\"b2a7e2d\" data-element_type=\"column\" data-e-type=\"column\">\n\t\t\t<div class=\"elementor-widget-wrap elementor-element-populated\">\n\t\t\t\t\t\t<div class=\"elementor-element elementor-element-8ced8c8 elementor-widget elementor-widget-text-editor\" data-id=\"8ced8c8\" data-element_type=\"widget\" data-e-type=\"widget\" data-widget_type=\"text-editor.default\">\n\t\t\t\t<div class=\"elementor-widget-container\">\n\t\t\t\t\t\t\t\t\t<p><strong>Amonite Travel<\/strong> is a tourism company in Puerto Madryn, dedicated to providing unique and unforgettable experiences in Patagonia. With a focus on quality, commitment to the environment and respect for nature, we offer personalized tours to explore the treasures of the region, such as the majestic Vald\u00e9s Peninsula, whale watching, and the impressive penguin colonies. Our mission is to connect each traveler with the essence of this natural paradise, ensuring moments that will remain engraved forever.<\/p>\t\t\t\t\t\t\t\t<\/div>\n\t\t\t\t<\/div>\n\t\t\t\t<div class=\"elementor-element elementor-element-55cfac4e elementor-widget elementor-widget-text-editor\" data-id=\"55cfac4e\" data-element_type=\"widget\" data-e-type=\"widget\" data-widget_type=\"text-editor.default\">\n\t\t\t\t<div class=\"elementor-widget-container\">\n\t\t\t\t\t\t\t\t\t<div><p class=\"translation-block\">Explore with Amonite Travel, where every experience becomes an unforgettable memory.<\/p><\/div><div>\u00a0<\/div>\t\t\t\t\t\t\t\t<\/div>\n\t\t\t\t<\/div>\n\t\t\t\t\t<\/div>\n\t\t<\/div>\n\t\t\t\t\t<\/div>\n\t\t<\/section>\n\t\t\t\t<section class=\"elementor-section elementor-top-section elementor-element elementor-element-7b0807be elementor-section-content-middle elementor-section-boxed elementor-section-height-default elementor-section-height-default\" data-id=\"7b0807be\" data-element_type=\"section\" data-e-type=\"section\" data-settings=\"{&quot;background_background&quot;:&quot;classic&quot;}\">\n\t\t\t\t\t\t\t<div class=\"elementor-background-overlay\"><\/div>\n\t\t\t\t\t\t\t<div class=\"elementor-container elementor-column-gap-no\">\n\t\t\t\t\t<div class=\"elementor-column elementor-col-100 elementor-top-column elementor-element elementor-element-77f68d21\" data-id=\"77f68d21\" data-element_type=\"column\" data-e-type=\"column\">\n\t\t\t<div class=\"elementor-widget-wrap elementor-element-populated\">\n\t\t\t\t\t\t<div class=\"elementor-element elementor-element-793e579f elementor-widget elementor-widget-heading\" data-id=\"793e579f\" data-element_type=\"widget\" data-e-type=\"widget\" data-widget_type=\"heading.default\">\n\t\t\t\t<div class=\"elementor-widget-container\">\n\t\t\t\t\t<h4 class=\"elementor-heading-title elementor-size-default\">Are you going to miss traveling with us?<\/h4>\t\t\t\t<\/div>\n\t\t\t\t<\/div>\n\t\t\t\t<div class=\"elementor-element elementor-element-7d428933 elementor-widget elementor-widget-heading\" data-id=\"7d428933\" data-element_type=\"widget\" data-e-type=\"widget\" data-widget_type=\"heading.default\">\n\t\t\t\t<div class=\"elementor-widget-container\">\n\t\t\t\t\t<h5 class=\"elementor-heading-title elementor-size-default\">Join the unique experience of Amonite Travel<\/h5>\t\t\t\t<\/div>\n\t\t\t\t<\/div>\n\t\t\t\t\t<\/div>\n\t\t<\/div>\n\t\t\t\t\t<\/div>\n\t\t<\/section>\n\t\t\t\t<section class=\"elementor-section elementor-top-section elementor-element elementor-element-94c7148 elementor-section-boxed elementor-section-height-default elementor-section-height-default\" data-id=\"94c7148\" data-element_type=\"section\" data-e-type=\"section\" data-settings=\"{&quot;background_background&quot;:&quot;classic&quot;}\">\n\t\t\t\t\t\t<div class=\"elementor-container elementor-column-gap-no\">\n\t\t\t\t\t<div class=\"elementor-column elementor-col-50 elementor-top-column elementor-element elementor-element-32210cda\" data-id=\"32210cda\" data-element_type=\"column\" data-e-type=\"column\">\n\t\t\t<div class=\"elementor-widget-wrap elementor-element-populated\">\n\t\t\t\t\t\t<div class=\"elementor-element elementor-element-f2e3518 elementor-widget elementor-widget-image\" data-id=\"f2e3518\" data-element_type=\"widget\" data-e-type=\"widget\" data-widget_type=\"image.default\">\n\t\t\t\t<div class=\"elementor-widget-container\">\n\t\t\t\t\t\t\t\t\t\t\t\t\t\t\t<img fetchpriority=\"high\" decoding=\"async\" width=\"2560\" height=\"1920\" src=\"https:\/\/amonite.tur.ar\/wp-content\/uploads\/2024\/04\/IMG-20240915-WA0049-scaled.jpg\" class=\"attachment-full size-full wp-image-2004\" alt=\"\" srcset=\"https:\/\/amonite.tur.ar\/wp-content\/uploads\/2024\/04\/IMG-20240915-WA0049-scaled.jpg 2560w, https:\/\/amonite.tur.ar\/wp-content\/uploads\/2024\/04\/IMG-20240915-WA0049-300x225.jpg 300w, https:\/\/amonite.tur.ar\/wp-content\/uploads\/2024\/04\/IMG-20240915-WA0049-1024x768.jpg 1024w, https:\/\/amonite.tur.ar\/wp-content\/uploads\/2024\/04\/IMG-20240915-WA0049-768x576.jpg 768w, https:\/\/amonite.tur.ar\/wp-content\/uploads\/2024\/04\/IMG-20240915-WA0049-1536x1152.jpg 1536w, https:\/\/amonite.tur.ar\/wp-content\/uploads\/2024\/04\/IMG-20240915-WA0049-2048x1536.jpg 2048w, https:\/\/amonite.tur.ar\/wp-content\/uploads\/2024\/04\/IMG-20240915-WA0049-16x12.jpg 16w, https:\/\/amonite.tur.ar\/wp-content\/uploads\/2024\/04\/IMG-20240915-WA0049-1000x750.jpg 1000w\" sizes=\"(max-width: 2560px) 100vw, 2560px\" \/>\t\t\t\t\t\t\t\t\t\t\t\t\t\t\t<\/div>\n\t\t\t\t<\/div>\n\t\t\t\t\t<\/div>\n\t\t<\/div>\n\t\t\t\t<div class=\"elementor-column elementor-col-50 elementor-top-column elementor-element elementor-element-640bc04c\" data-id=\"640bc04c\" data-element_type=\"column\" data-e-type=\"column\">\n\t\t\t<div class=\"elementor-widget-wrap elementor-element-populated\">\n\t\t\t\t\t\t<div class=\"elementor-element elementor-element-19098bd2 elementor-view-default elementor-widget elementor-widget-icon\" data-id=\"19098bd2\" data-element_type=\"widget\" data-e-type=\"widget\" data-widget_type=\"icon.default\">\n\t\t\t\t<div class=\"elementor-widget-container\">\n\t\t\t\t\t\t\t<div class=\"elementor-icon-wrapper\">\n\t\t\t<div class=\"elementor-icon\">\n\t\t\t\t\t\t\t<i class=\"fa fa-quote-left\" aria-hidden=\"true\"><\/i>\n\t\t\t\t\t\t<\/div>\n\t\t<\/div>\n\t\t\t\t\t\t<\/div>\n\t\t\t\t<\/div>\n\t\t\t\t<div class=\"elementor-element elementor-element-3821d290 elementor-widget elementor-widget-text-editor\" data-id=\"3821d290\" data-element_type=\"widget\" data-e-type=\"widget\" data-widget_type=\"text-editor.default\">\n\t\t\t\t<div class=\"elementor-widget-container\">\n\t\t\t\t\t\t\t\t\t<p>At Amonite, we are Rodrigo and Julieta, two tourism enthusiasts who, after years of training and experience in different areas of the sector, decided to make our dream come true: to create an agency that combines our dedication with the desire to provide unique experiences to each traveler.<\/p><p>The name Ammonite was not chosen at random. Ammonites were marine mollusks that inhabited the oceans more than 400 million years ago, during the Paleozoic and Mesozoic periods. They shared their time on Earth with the dinosaurs, but disappeared in the Cretaceous mass extinction 66 million years ago.<\/p><p>For us, ammonites symbolize adaptation, diversity and a deep legacy in the history of the Earth. Living in a region so rich in paleontological heritage, we felt that this name was the perfect reflection of our identity. Just as the ammonite left its mark on the past, at our agency we want to leave an indelible mark on the memories of each person who chooses us.<\/p>\t\t\t\t\t\t\t\t<\/div>\n\t\t\t\t<\/div>\n\t\t\t\t<div class=\"elementor-element elementor-element-5ec9fe5f elementor-widget elementor-widget-heading\" data-id=\"5ec9fe5f\" data-element_type=\"widget\" data-e-type=\"widget\" data-widget_type=\"heading.default\">\n\t\t\t\t<div class=\"elementor-widget-container\">\n\t\t\t\t\t<h2 class=\"elementor-heading-title elementor-size-default\">Julieta - Rodrigo<\/h2>\t\t\t\t<\/div>\n\t\t\t\t<\/div>\n\t\t\t\t<div class=\"elementor-element elementor-element-622ac5ac elementor-widget elementor-widget-heading\" data-id=\"622ac5ac\" data-element_type=\"widget\" data-e-type=\"widget\" data-widget_type=\"heading.default\">\n\t\t\t\t<div class=\"elementor-widget-container\">\n\t\t\t\t\t<h2 class=\"elementor-heading-title elementor-size-default\">Puerto Madryn , Chubut<\/h2>\t\t\t\t<\/div>\n\t\t\t\t<\/div>\n\t\t\t\t\t<\/div>\n\t\t<\/div>\n\t\t\t\t\t<\/div>\n\t\t<\/section>\n\t\t\t\t<\/div>","protected":false},"excerpt":{"rendered":"<p>nosotros Amonite Travel es una empresa de turismo en Puerto Madryn, dedicada a brindar experiencias \u00fanicas e inolvidables en la Patagonia. Con un enfoque en la calidad, el compromiso con el medio ambiente y el respeto por la naturaleza, ofrecemos tours personalizados para explorar los tesoros de la regi\u00f3n, como la majestuosa Pen\u00ednsula Vald\u00e9s, el [&hellip;]<\/p>\n","protected":false},"author":1,"featured_media":0,"parent":0,"menu_order":0,"comment_status":"closed","ping_status":"closed","template":"elementor_header_footer","meta":{"footnotes":""},"class_list":["post-557","page","type-page","status-publish","hentry"],"yoast_head":"<!-- This site is optimized with the Yoast SEO plugin v27.4 - https:\/\/yoast.com\/product\/yoast-seo-wordpress\/ -->\n<title>Sobre nosotros - Amonite Travel<\/title>\n<meta name=\"robots\" content=\"index, follow, max-snippet:-1, max-image-preview:large, max-video-preview:-1\" \/>\n<link rel=\"canonical\" href=\"https:\/\/amonite.tur.ar\/en\/about-us\/\" \/>\n<meta property=\"og:locale\" content=\"en_US\" \/>\n<meta property=\"og:type\" content=\"article\" \/>\n<meta property=\"og:title\" content=\"Sobre nosotros - Amonite Travel\" \/>\n<meta property=\"og:description\" content=\"nosotros Amonite Travel es una empresa de turismo en Puerto Madryn, dedicada a brindar experiencias \u00fanicas e inolvidables en la Patagonia. Con un enfoque en la calidad, el compromiso con el medio ambiente y el respeto por la naturaleza, ofrecemos tours personalizados para explorar los tesoros de la regi\u00f3n, como la majestuosa Pen\u00ednsula Vald\u00e9s, el [&hellip;]\" \/>\n<meta property=\"og:url\" content=\"https:\/\/amonite.tur.ar\/en\/about-us\/\" \/>\n<meta property=\"og:site_name\" content=\"Amonite Travel\" \/>\n<meta property=\"article:publisher\" content=\"https:\/\/www.facebook.com\/profile.php?id=61556354674979\" \/>\n<meta property=\"article:modified_time\" content=\"2024-11-28T19:34:16+00:00\" \/>\n<meta property=\"og:image\" content=\"https:\/\/amonite.tur.ar\/wp-content\/uploads\/2024\/04\/IMG-20240915-WA0049-scaled.jpg\" \/>\n\t<meta property=\"og:image:width\" content=\"2560\" \/>\n\t<meta property=\"og:image:height\" content=\"1920\" \/>\n\t<meta property=\"og:image:type\" content=\"image\/jpeg\" \/>\n<meta name=\"twitter:card\" content=\"summary_large_image\" \/>\n<meta name=\"twitter:label1\" content=\"Est. reading time\" \/>\n\t<meta name=\"twitter:data1\" content=\"2 minutes\" \/>\n<script type=\"application\/ld+json\" class=\"yoast-schema-graph\">{\"@context\":\"https:\\\/\\\/schema.org\",\"@graph\":[{\"@type\":\"WebPage\",\"@id\":\"https:\\\/\\\/amonite.tur.ar\\\/about-us\\\/\",\"url\":\"https:\\\/\\\/amonite.tur.ar\\\/about-us\\\/\",\"name\":\"Sobre nosotros - Amonite Travel\",\"isPartOf\":{\"@id\":\"https:\\\/\\\/amonite.tur.ar\\\/#website\"},\"primaryImageOfPage\":{\"@id\":\"https:\\\/\\\/amonite.tur.ar\\\/about-us\\\/#primaryimage\"},\"image\":{\"@id\":\"https:\\\/\\\/amonite.tur.ar\\\/about-us\\\/#primaryimage\"},\"thumbnailUrl\":\"https:\\\/\\\/amonite.tur.ar\\\/wp-content\\\/uploads\\\/2024\\\/04\\\/IMG-20240915-WA0049-scaled.jpg\",\"datePublished\":\"2023-03-14T11:43:57+00:00\",\"dateModified\":\"2024-11-28T19:34:16+00:00\",\"breadcrumb\":{\"@id\":\"https:\\\/\\\/amonite.tur.ar\\\/about-us\\\/#breadcrumb\"},\"inLanguage\":\"en-US\",\"potentialAction\":[{\"@type\":\"ReadAction\",\"target\":[\"https:\\\/\\\/amonite.tur.ar\\\/about-us\\\/\"]}]},{\"@type\":\"ImageObject\",\"inLanguage\":\"en-US\",\"@id\":\"https:\\\/\\\/amonite.tur.ar\\\/about-us\\\/#primaryimage\",\"url\":\"https:\\\/\\\/amonite.tur.ar\\\/wp-content\\\/uploads\\\/2024\\\/04\\\/IMG-20240915-WA0049-scaled.jpg\",\"contentUrl\":\"https:\\\/\\\/amonite.tur.ar\\\/wp-content\\\/uploads\\\/2024\\\/04\\\/IMG-20240915-WA0049-scaled.jpg\"},{\"@type\":\"BreadcrumbList\",\"@id\":\"https:\\\/\\\/amonite.tur.ar\\\/about-us\\\/#breadcrumb\",\"itemListElement\":[{\"@type\":\"ListItem\",\"position\":1,\"name\":\"Portada\",\"item\":\"https:\\\/\\\/amonite.tur.ar\\\/\"},{\"@type\":\"ListItem\",\"position\":2,\"name\":\"Sobre nosotros\"}]},{\"@type\":\"WebSite\",\"@id\":\"https:\\\/\\\/amonite.tur.ar\\\/#website\",\"url\":\"https:\\\/\\\/amonite.tur.ar\\\/\",\"name\":\"Amonite Travel\",\"description\":\"Sumando kil\u00f3metros\",\"publisher\":{\"@id\":\"https:\\\/\\\/amonite.tur.ar\\\/#organization\"},\"potentialAction\":[{\"@type\":\"SearchAction\",\"target\":{\"@type\":\"EntryPoint\",\"urlTemplate\":\"https:\\\/\\\/amonite.tur.ar\\\/?s={search_term_string}\"},\"query-input\":{\"@type\":\"PropertyValueSpecification\",\"valueRequired\":true,\"valueName\":\"search_term_string\"}}],\"inLanguage\":\"en-US\"},{\"@type\":\"Organization\",\"@id\":\"https:\\\/\\\/amonite.tur.ar\\\/#organization\",\"name\":\"Amonite Travel\",\"url\":\"https:\\\/\\\/amonite.tur.ar\\\/\",\"logo\":{\"@type\":\"ImageObject\",\"inLanguage\":\"en-US\",\"@id\":\"https:\\\/\\\/amonite.tur.ar\\\/#\\\/schema\\\/logo\\\/image\\\/\",\"url\":\"https:\\\/\\\/amonite.tur.ar\\\/wp-content\\\/uploads\\\/2024\\\/04\\\/cropped-LogoAmonite.jpg\",\"contentUrl\":\"https:\\\/\\\/amonite.tur.ar\\\/wp-content\\\/uploads\\\/2024\\\/04\\\/cropped-LogoAmonite.jpg\",\"width\":485,\"height\":515,\"caption\":\"Amonite Travel\"},\"image\":{\"@id\":\"https:\\\/\\\/amonite.tur.ar\\\/#\\\/schema\\\/logo\\\/image\\\/\"},\"sameAs\":[\"https:\\\/\\\/www.facebook.com\\\/profile.php?id=61556354674979\",\"https:\\\/\\\/www.instagram.com\\\/?hl=es-es\"]}]}<\/script>\n<!-- \/ Yoast SEO plugin. -->","yoast_head_json":{"title":"Sobre nosotros - Amonite Travel","robots":{"index":"index","follow":"follow","max-snippet":"max-snippet:-1","max-image-preview":"max-image-preview:large","max-video-preview":"max-video-preview:-1"},"canonical":"https:\/\/amonite.tur.ar\/en\/about-us\/","og_locale":"en_US","og_type":"article","og_title":"Sobre nosotros - Amonite Travel","og_description":"nosotros Amonite Travel es una empresa de turismo en Puerto Madryn, dedicada a brindar experiencias \u00fanicas e inolvidables en la Patagonia. Con un enfoque en la calidad, el compromiso con el medio ambiente y el respeto por la naturaleza, ofrecemos tours personalizados para explorar los tesoros de la regi\u00f3n, como la majestuosa Pen\u00ednsula Vald\u00e9s, el [&hellip;]","og_url":"https:\/\/amonite.tur.ar\/en\/about-us\/","og_site_name":"Amonite Travel","article_publisher":"https:\/\/www.facebook.com\/profile.php?id=61556354674979","article_modified_time":"2024-11-28T19:34:16+00:00","og_image":[{"width":2560,"height":1920,"url":"https:\/\/amonite.tur.ar\/wp-content\/uploads\/2024\/04\/IMG-20240915-WA0049-scaled.jpg","type":"image\/jpeg"}],"twitter_card":"summary_large_image","twitter_misc":{"Est. reading time":"2 minutes"},"schema":{"@context":"https:\/\/schema.org","@graph":[{"@type":"WebPage","@id":"https:\/\/amonite.tur.ar\/about-us\/","url":"https:\/\/amonite.tur.ar\/about-us\/","name":"Sobre nosotros - Amonite Travel","isPartOf":{"@id":"https:\/\/amonite.tur.ar\/#website"},"primaryImageOfPage":{"@id":"https:\/\/amonite.tur.ar\/about-us\/#primaryimage"},"image":{"@id":"https:\/\/amonite.tur.ar\/about-us\/#primaryimage"},"thumbnailUrl":"https:\/\/amonite.tur.ar\/wp-content\/uploads\/2024\/04\/IMG-20240915-WA0049-scaled.jpg","datePublished":"2023-03-14T11:43:57+00:00","dateModified":"2024-11-28T19:34:16+00:00","breadcrumb":{"@id":"https:\/\/amonite.tur.ar\/about-us\/#breadcrumb"},"inLanguage":"en-US","potentialAction":[{"@type":"ReadAction","target":["https:\/\/amonite.tur.ar\/about-us\/"]}]},{"@type":"ImageObject","inLanguage":"en-US","@id":"https:\/\/amonite.tur.ar\/about-us\/#primaryimage","url":"https:\/\/amonite.tur.ar\/wp-content\/uploads\/2024\/04\/IMG-20240915-WA0049-scaled.jpg","contentUrl":"https:\/\/amonite.tur.ar\/wp-content\/uploads\/2024\/04\/IMG-20240915-WA0049-scaled.jpg"},{"@type":"BreadcrumbList","@id":"https:\/\/amonite.tur.ar\/about-us\/#breadcrumb","itemListElement":[{"@type":"ListItem","position":1,"name":"Portada","item":"https:\/\/amonite.tur.ar\/"},{"@type":"ListItem","position":2,"name":"Sobre nosotros"}]},{"@type":"WebSite","@id":"https:\/\/amonite.tur.ar\/#website","url":"https:\/\/amonite.tur.ar\/","name":"Amonite Travel","description":"Sumando kil\u00f3metros","publisher":{"@id":"https:\/\/amonite.tur.ar\/#organization"},"potentialAction":[{"@type":"SearchAction","target":{"@type":"EntryPoint","urlTemplate":"https:\/\/amonite.tur.ar\/?s={search_term_string}"},"query-input":{"@type":"PropertyValueSpecification","valueRequired":true,"valueName":"search_term_string"}}],"inLanguage":"en-US"},{"@type":"Organization","@id":"https:\/\/amonite.tur.ar\/#organization","name":"Amonite Travel","url":"https:\/\/amonite.tur.ar\/","logo":{"@type":"ImageObject","inLanguage":"en-US","@id":"https:\/\/amonite.tur.ar\/#\/schema\/logo\/image\/","url":"https:\/\/amonite.tur.ar\/wp-content\/uploads\/2024\/04\/cropped-LogoAmonite.jpg","contentUrl":"https:\/\/amonite.tur.ar\/wp-content\/uploads\/2024\/04\/cropped-LogoAmonite.jpg","width":485,"height":515,"caption":"Amonite Travel"},"image":{"@id":"https:\/\/amonite.tur.ar\/#\/schema\/logo\/image\/"},"sameAs":["https:\/\/www.facebook.com\/profile.php?id=61556354674979","https:\/\/www.instagram.com\/?hl=es-es"]}]}},"_links":{"self":[{"href":"https:\/\/amonite.tur.ar\/en\/wp-json\/wp\/v2\/pages\/557","targetHints":{"allow":["GET"]}}],"collection":[{"href":"https:\/\/amonite.tur.ar\/en\/wp-json\/wp\/v2\/pages"}],"about":[{"href":"https:\/\/amonite.tur.ar\/en\/wp-json\/wp\/v2\/types\/page"}],"author":[{"embeddable":true,"href":"https:\/\/amonite.tur.ar\/en\/wp-json\/wp\/v2\/users\/1"}],"replies":[{"embeddable":true,"href":"https:\/\/amonite.tur.ar\/en\/wp-json\/wp\/v2\/comments?post=557"}],"version-history":[{"count":16,"href":"https:\/\/amonite.tur.ar\/en\/wp-json\/wp\/v2\/pages\/557\/revisions"}],"predecessor-version":[{"id":2205,"href":"https:\/\/amonite.tur.ar\/en\/wp-json\/wp\/v2\/pages\/557\/revisions\/2205"}],"wp:attachment":[{"href":"https:\/\/amonite.tur.ar\/en\/wp-json\/wp\/v2\/media?parent=557"}],"curies":[{"name":"wp","href":"https:\/\/api.w.org\/{rel}","templated":true}]}}